{"id":2,"date":"2022-11-08T16:34:00","date_gmt":"2022-11-08T16:34:00","guid":{"rendered":"https:\/\/foodandmore.pt\/teste\/?page_id=2"},"modified":"2022-11-16T16:25:32","modified_gmt":"2022-11-16T16:25:32","slug":"food-more","status":"publish","type":"page","link":"https:\/\/foodandmore.pt\/index.php\/food-more\/","title":{"rendered":"FOOD&#038;MORE"},"content":{"rendered":"\n<p>Food&amp;More &#8211; faz favor&#8230;.<\/p>\n\n\n\n<p>Um conceito que assenta na melhor escolha de produtos de pastelaria, onde se destaca a qualidade do servi\u00e7o aliada ao sabor dos produtos.&nbsp;<\/p>\n\n\n\n<p><br>Uma oferta de produtos para diversos tipos de consumidor, desde a sopa di\u00e1ria, pastelaria variada, baguetes, paninis, croissants, wraps, passando por pokes e saladas, com base org\u00e2nica, n\u00e3o processados e livre de conservantes artificiais, bem como sumos naturais, batidos de fruta e caf\u00e9 biol\u00f3gico.<\/p>\n\n\n\n<p><br>Trabalhamos diariamente com chefes criativos, o que faz com que o nosso menu seja din\u00e2mico, indo de encontro \u00e0s inova\u00e7\u00f5es e tend\u00eancias do mercado. Apostamos na forma\u00e7\u00e3o cont\u00ednua, de forma a que as pessoas que trabalham connosco se sintam bem e possam receber os nossos clientes sempre com um sorriso na cara.<\/p>\n\n\n\n<p><br>A qualidade dos nossos produtos \u00e9 feita atrav\u00e9s de crit\u00e9rios de sele\u00e7\u00e3o, seguindo os princ\u00edpios de HACCP.<\/p>\n","protected":false},"excerpt":{"rendered":"<p>Food&amp;More &#8211; faz favor&#8230;. Um conceito que assenta na melhor escolha de produtos de pastelaria, onde se destaca a qualidade do servi\u00e7o aliada ao sabor dos produtos.&nbsp; Uma oferta de produtos para diversos tipos de consumidor, desde a sopa di\u00e1ria, pastelaria variada, baguetes, paninis, croissants, wraps, passando por pokes e saladas, com base org\u00e2nica, n\u00e3o &hellip; <\/p>\n<p class=\"link-more\"><a href=\"https:\/\/foodandmore.pt\/index.php\/food-more\/\" class=\"more-link\">Continue reading<span class=\"screen-reader-text\"> &#8220;FOOD&#038;MORE&#8221;<\/span><\/a><\/p>\n","protected":false},"author":1,"featured_media":0,"parent":0,"menu_order":0,"comment_status":"closed","ping_status":"open","template":"","meta":{"footnotes":""},"class_list":["post-2","page","type-page","status-publish","hentry"],"yoast_head":"<!-- This site is optimized with the Yoast SEO plugin v20.0 - https:\/\/yoast.com\/wordpress\/plugins\/seo\/ -->\n<title>FOOD&amp;MORE - Food&amp;More<\/title>\n<meta name=\"robots\" content=\"index, follow, max-snippet:-1, max-image-preview:large, max-video-preview:-1\" \/>\n<link rel=\"canonical\" href=\"https:\/\/foodandmore.pt\/index.php\/food-more\/\" \/>\n<meta property=\"og:locale\" content=\"pt_PT\" \/>\n<meta property=\"og:type\" content=\"article\" \/>\n<meta property=\"og:title\" content=\"FOOD&amp;MORE - Food&amp;More\" \/>\n<meta property=\"og:description\" content=\"Food&amp;More &#8211; faz favor&#8230;. Um conceito que assenta na melhor escolha de produtos de pastelaria, onde se destaca a qualidade do servi\u00e7o aliada ao sabor dos produtos.&nbsp; Uma oferta de produtos para diversos tipos de consumidor, desde a sopa di\u00e1ria, pastelaria variada, baguetes, paninis, croissants, wraps, passando por pokes e saladas, com base org\u00e2nica, n\u00e3o &hellip; Continue reading &quot;FOOD&#038;MORE&quot;\" \/>\n<meta property=\"og:url\" content=\"https:\/\/foodandmore.pt\/index.php\/food-more\/\" \/>\n<meta property=\"og:site_name\" content=\"Food&amp;More\" \/>\n<meta property=\"article:modified_time\" content=\"2022-11-16T16:25:32+00:00\" \/>\n<meta name=\"twitter:card\" content=\"summary_large_image\" \/>\n<meta name=\"twitter:label1\" content=\"Tempo estimado de leitura\" \/>\n\t<meta name=\"twitter:data1\" content=\"1 minuto\" \/>\n<script type=\"application\/ld+json\" class=\"yoast-schema-graph\">{\"@context\":\"https:\/\/schema.org\",\"@graph\":[{\"@type\":\"WebPage\",\"@id\":\"https:\/\/foodandmore.pt\/index.php\/food-more\/\",\"url\":\"https:\/\/foodandmore.pt\/index.php\/food-more\/\",\"name\":\"FOOD&MORE - Food&amp;More\",\"isPartOf\":{\"@id\":\"https:\/\/foodandmore.pt\/#website\"},\"datePublished\":\"2022-11-08T16:34:00+00:00\",\"dateModified\":\"2022-11-16T16:25:32+00:00\",\"breadcrumb\":{\"@id\":\"https:\/\/foodandmore.pt\/index.php\/food-more\/#breadcrumb\"},\"inLanguage\":\"pt-PT\",\"potentialAction\":[{\"@type\":\"ReadAction\",\"target\":[\"https:\/\/foodandmore.pt\/index.php\/food-more\/\"]}]},{\"@type\":\"BreadcrumbList\",\"@id\":\"https:\/\/foodandmore.pt\/index.php\/food-more\/#breadcrumb\",\"itemListElement\":[{\"@type\":\"ListItem\",\"position\":1,\"name\":\"In\u00edcio\",\"item\":\"https:\/\/foodandmore.pt\/\"},{\"@type\":\"ListItem\",\"position\":2,\"name\":\"FOOD&#038;MORE\"}]},{\"@type\":\"WebSite\",\"@id\":\"https:\/\/foodandmore.pt\/#website\",\"url\":\"https:\/\/foodandmore.pt\/\",\"name\":\"Food&amp;More\",\"description\":\"\",\"publisher\":{\"@id\":\"https:\/\/foodandmore.pt\/#organization\"},\"potentialAction\":[{\"@type\":\"SearchAction\",\"target\":{\"@type\":\"EntryPoint\",\"urlTemplate\":\"https:\/\/foodandmore.pt\/?s={search_term_string}\"},\"query-input\":\"required name=search_term_string\"}],\"inLanguage\":\"pt-PT\"},{\"@type\":\"Organization\",\"@id\":\"https:\/\/foodandmore.pt\/#organization\",\"name\":\"Food&amp;More\",\"url\":\"https:\/\/foodandmore.pt\/\",\"logo\":{\"@type\":\"ImageObject\",\"inLanguage\":\"pt-PT\",\"@id\":\"https:\/\/foodandmore.pt\/#\/schema\/logo\/image\/\",\"url\":\"https:\/\/foodandmore.pt\/wp-content\/uploads\/2022\/11\/cropped-logo_small_food-1-1.png\",\"contentUrl\":\"https:\/\/foodandmore.pt\/wp-content\/uploads\/2022\/11\/cropped-logo_small_food-1-1.png\",\"width\":240,\"height\":240,\"caption\":\"Food&amp;More\"},\"image\":{\"@id\":\"https:\/\/foodandmore.pt\/#\/schema\/logo\/image\/\"}}]}<\/script>\n<!-- \/ Yoast SEO plugin. -->","yoast_head_json":{"title":"FOOD&MORE - Food&amp;More","robots":{"index":"index","follow":"follow","max-snippet":"max-snippet:-1","max-image-preview":"max-image-preview:large","max-video-preview":"max-video-preview:-1"},"canonical":"https:\/\/foodandmore.pt\/index.php\/food-more\/","og_locale":"pt_PT","og_type":"article","og_title":"FOOD&MORE - Food&amp;More","og_description":"Food&amp;More &#8211; faz favor&#8230;. Um conceito que assenta na melhor escolha de produtos de pastelaria, onde se destaca a qualidade do servi\u00e7o aliada ao sabor dos produtos.&nbsp; Uma oferta de produtos para diversos tipos de consumidor, desde a sopa di\u00e1ria, pastelaria variada, baguetes, paninis, croissants, wraps, passando por pokes e saladas, com base org\u00e2nica, n\u00e3o &hellip; Continue reading \"FOOD&#038;MORE\"","og_url":"https:\/\/foodandmore.pt\/index.php\/food-more\/","og_site_name":"Food&amp;More","article_modified_time":"2022-11-16T16:25:32+00:00","twitter_card":"summary_large_image","twitter_misc":{"Tempo estimado de leitura":"1 minuto"},"schema":{"@context":"https:\/\/schema.org","@graph":[{"@type":"WebPage","@id":"https:\/\/foodandmore.pt\/index.php\/food-more\/","url":"https:\/\/foodandmore.pt\/index.php\/food-more\/","name":"FOOD&MORE - Food&amp;More","isPartOf":{"@id":"https:\/\/foodandmore.pt\/#website"},"datePublished":"2022-11-08T16:34:00+00:00","dateModified":"2022-11-16T16:25:32+00:00","breadcrumb":{"@id":"https:\/\/foodandmore.pt\/index.php\/food-more\/#breadcrumb"},"inLanguage":"pt-PT","potentialAction":[{"@type":"ReadAction","target":["https:\/\/foodandmore.pt\/index.php\/food-more\/"]}]},{"@type":"BreadcrumbList","@id":"https:\/\/foodandmore.pt\/index.php\/food-more\/#breadcrumb","itemListElement":[{"@type":"ListItem","position":1,"name":"In\u00edcio","item":"https:\/\/foodandmore.pt\/"},{"@type":"ListItem","position":2,"name":"FOOD&#038;MORE"}]},{"@type":"WebSite","@id":"https:\/\/foodandmore.pt\/#website","url":"https:\/\/foodandmore.pt\/","name":"Food&amp;More","description":"","publisher":{"@id":"https:\/\/foodandmore.pt\/#organization"},"potentialAction":[{"@type":"SearchAction","target":{"@type":"EntryPoint","urlTemplate":"https:\/\/foodandmore.pt\/?s={search_term_string}"},"query-input":"required name=search_term_string"}],"inLanguage":"pt-PT"},{"@type":"Organization","@id":"https:\/\/foodandmore.pt\/#organization","name":"Food&amp;More","url":"https:\/\/foodandmore.pt\/","logo":{"@type":"ImageObject","inLanguage":"pt-PT","@id":"https:\/\/foodandmore.pt\/#\/schema\/logo\/image\/","url":"https:\/\/foodandmore.pt\/wp-content\/uploads\/2022\/11\/cropped-logo_small_food-1-1.png","contentUrl":"https:\/\/foodandmore.pt\/wp-content\/uploads\/2022\/11\/cropped-logo_small_food-1-1.png","width":240,"height":240,"caption":"Food&amp;More"},"image":{"@id":"https:\/\/foodandmore.pt\/#\/schema\/logo\/image\/"}}]}},"_links":{"self":[{"href":"https:\/\/foodandmore.pt\/index.php\/wp-json\/wp\/v2\/pages\/2","targetHints":{"allow":["GET"]}}],"collection":[{"href":"https:\/\/foodandmore.pt\/index.php\/wp-json\/wp\/v2\/pages"}],"about":[{"href":"https:\/\/foodandmore.pt\/index.php\/wp-json\/wp\/v2\/types\/page"}],"author":[{"embeddable":true,"href":"https:\/\/foodandmore.pt\/index.php\/wp-json\/wp\/v2\/users\/1"}],"replies":[{"embeddable":true,"href":"https:\/\/foodandmore.pt\/index.php\/wp-json\/wp\/v2\/comments?post=2"}],"version-history":[{"count":6,"href":"https:\/\/foodandmore.pt\/index.php\/wp-json\/wp\/v2\/pages\/2\/revisions"}],"predecessor-version":[{"id":314,"href":"https:\/\/foodandmore.pt\/index.php\/wp-json\/wp\/v2\/pages\/2\/revisions\/314"}],"wp:attachment":[{"href":"https:\/\/foodandmore.pt\/index.php\/wp-json\/wp\/v2\/media?parent=2"}],"curies":[{"name":"wp","href":"https:\/\/api.w.org\/{rel}","templated":true}]}}